{"id":3514,"date":"2025-04-06T10:22:23","date_gmt":"2025-04-06T10:22:23","guid":{"rendered":"https:\/\/www.louisceliazippo.net\/privacy-policy\/"},"modified":"2025-04-07T08:48:32","modified_gmt":"2025-04-07T08:48:32","slug":"datenschutz","status":"publish","type":"page","link":"https:\/\/www.louisceliazippo.net\/de\/datenschutz\/","title":{"rendered":"Datenschutz"},"content":{"rendered":"\n<style type=\"text\/css\" data-created_by=\"avia_inline_auto\" id=\"style-css-av-8xsfqn-f71b8f18b47a7a702202066142ebb747\">\n.flex_column.av-8xsfqn-f71b8f18b47a7a702202066142ebb747{\nborder-radius:0px 0px 0px 0px;\npadding:35px 0px 0px 0px;\n}\n<\/style>\n<div  class='flex_column av-8xsfqn-f71b8f18b47a7a702202066142ebb747 av_one_full  avia-builder-el-0  el_before_av_section  avia-builder-el-no-sibling  first flex_column_div  '     ><p>\n<style type=\"text\/css\" data-created_by=\"avia_inline_auto\" id=\"style-css-av-7t3o9b-9f62435aff3c87e9bba5667cac1fef11\">\n#top .av-special-heading.av-7t3o9b-9f62435aff3c87e9bba5667cac1fef11{\npadding-bottom:20px;\n}\nbody .av-special-heading.av-7t3o9b-9f62435aff3c87e9bba5667cac1fef11 .av-special-heading-tag .heading-char{\nfont-size:25px;\n}\n.av-special-heading.av-7t3o9b-9f62435aff3c87e9bba5667cac1fef11 .av-subheading{\nfont-size:15px;\n}\n<\/style>\n<div  class='av-special-heading av-7t3o9b-9f62435aff3c87e9bba5667cac1fef11 av-special-heading-h1  avia-builder-el-1  el_before_av_textblock  avia-builder-el-first '><h1 class='av-special-heading-tag '  itemprop=\"headline\"  >Datenschutz<\/h1><div class=\"special-heading-border\"><div class=\"special-heading-inner-border\"><\/div><\/div><\/div><br \/>\n<section  class='av_textblock_section av-6ejjkf-8a5b7dca4e89e4750f2148455a682e9a '   itemscope=\"itemscope\" itemtype=\"https:\/\/schema.org\/CreativeWork\" ><div class='avia_textblock'  itemprop=\"text\" ><p>Gem\u00e4\u00df Art. 13 der Verordnung (EU) 2016\/679 zum Schutz nat\u00fcrlicher Personen bei der Verarbeitung personenbezogener Daten und die Empfehlung zu einigen Mindestanforderungen f\u00fcr die Online-Erhebung personenbezogener Daten in der EU<\/p>\n<\/div><\/section><\/p><\/div><\/div><\/div><\/div><!-- close content main div --><\/div><\/div>\n<style type=\"text\/css\" data-created_by=\"avia_inline_auto\" id=\"style-css-av-42m2f3-6ec5cce4d97d9510d70e3c4943955506\">\n.avia-section.av-42m2f3-6ec5cce4d97d9510d70e3c4943955506{\nbackground-color:#e8e8e8;\nbackground-image:unset;\n}\n<\/style>\n<div id='av_section_1'  class='avia-section av-42m2f3-6ec5cce4d97d9510d70e3c4943955506 main_color avia-section-default avia-no-shadow  avia-builder-el-3  el_after_av_one_full  avia-builder-el-last  avia-bg-style-scroll container_wrap fullsize'  ><div class='container av-section-cont-open' ><div class='template-page content  av-content-full alpha units'><div class='post-entry post-entry-type-page post-entry-3514'><div class='entry-content-wrapper clearfix'>\n\n<style type=\"text\/css\" data-created_by=\"avia_inline_auto\" id=\"style-css-av-36h36n-3073966943756f7040a4694980503363\">\n#top .av_textblock_section.av-36h36n-3073966943756f7040a4694980503363 .avia_textblock{\nfont-size:15px;\n}\n<\/style>\n<section  class='av_textblock_section av-36h36n-3073966943756f7040a4694980503363 '   itemscope=\"itemscope\" itemtype=\"https:\/\/schema.org\/CreativeWork\" ><div class='avia_textblock'  itemprop=\"text\" ><p>1. Verantwortlicher der Datenverarbeitung<br \/>\nDer Verantwortliche der Verarbeitung personenbezogener Daten ist:<\/p>\n<p>Andreas Zipperle<br \/>\nPillhof 25<br \/>\n39057 Frangart (BZ), Italien<br \/>\n<a href=\"mailto:hello@louisceliazippo.net\">hello@louisceliazippo.net<\/a><br \/>\n<a href=\"tel:\/\/00393356755750\">+39 335 6755750<\/a><\/p>\n<p>Datenschutzbeauftragter<br \/>\nDie Kontaktdaten des Datenschutzbeauftragten sind folgende:<\/p>\n<p>Andreas Zipperle<br \/>\nPillhof 25<br \/>\n39057 Frangart (BZ), Italien<br \/>\n<a href=\"mailto:hello@louisceliazippo.net\">hello@louisceliazippo.net<\/a><br \/>\n<a href=\"tel:\/\/00393356755750\">+39 335 6755750<\/a><\/p>\n<p>Diese Datenschutzerkl\u00e4rung dient zur Information \u00fcber die Verarbeitung, die Zwecke, die Methoden und allgemein \u00fcber die Verwaltung der durch die Webseite www.louisceliazippo.net gesammelten personenbezogenen Daten (im Folgenden \u201edie Website\u201c). Diese Datenschutzerkl\u00e4rung gilt nur f\u00fcr diese Website und schlie\u00dft somit zus\u00e4tzliche Seiten aus, die \u00fcber einen Link aufgerufen werden k\u00f6nnen.<\/p>\n<p>2. Zweck der Datenverarbeitung und Rechtsgrundlage der Verarbeitung<br \/>\nDer Verantwortliche der Datenverarbeitung garantiert im Rahmen der gesetzlichen Vorgaben, dass die Verarbeitung der personenbezogenen Daten unter Ber\u00fccksichtigung der grundlegenden Rechte und Freiheiten sowie der W\u00fcrde des Betroffenen mit besonderem Bezug auf die Geheimhaltung, die pers\u00f6nliche Identit\u00e4t und das Recht auf Schutz der personenbezogenen Daten erfolgt.<br \/>\nIn \u00dcbereinstimmung mit den Bedingungen der Rechtm\u00e4\u00dfigkeit, die in Artikel 6 der DSGVO 2016\/679 vorgesehen sind, k\u00f6nnen die personenbezogenen Daten, die Sie \u00fcber die Website zur Verf\u00fcgung stellen nur f\u00fcr die folgenden Zwecke verarbeitet werden:<br \/>\na) Kontaktformular<br \/>\nDie betroffene Person hat ihre Einwilligung zu der Verarbeitung der sie betreffenden personenbezogenen Daten f\u00fcr einen oder mehrere bestimmte Zwecke gegeben (Art.6 Abs.1 Satz 1 let. a)).<\/p>\n<p>3. Art der verarbeiteten Daten<br \/>\nZu den oben genannten Zwecken k\u00f6nnen die folgenden Kategorien personenbezogener Daten verarbeitet werden:<br \/>\na. personenbezogene Daten Art (z. B. Vorname, Nachname, Telefonnummer und E-Mail-Adresse).<\/p>\n<p>4. Methoden der Datenverarbeitung<br \/>\nDie Datenverarbeitung erfolgt:<br \/>\na. von Mitarbeitern, die zur Durchf\u00fchrung von Verarbeitungst\u00e4tigkeiten befugt sind;<br \/>\nb. mittels Verwendung manueller und elektronischer Systeme;<br \/>\nc. durch zur Ausf\u00fchrung dieser Aufgaben gesetzlich erm\u00e4chtigte Personen;<br \/>\nd. mit geeigneten organisatorischen und technischen Ma\u00dfnahmen, um die Vertraulichkeit der Daten zu gew\u00e4hrleisten und den Zugang zu ihnen durch unbefugte Dritte zu verhindern.<br \/>\nWir informieren Sie au\u00dferdem, dass Ihre Daten keinen automatisierten Entscheidungsprozessen unterworfen sind.<\/p>\n<p>5. Aufbewahrung der personenbezogenen Daten<br \/>\nDie von Ihnen zur Verf\u00fcgung gestellten Daten werden so lange aufbewahrt, wie es f\u00fcr die Verfolgung der Zwecke unbedingt erforderlich ist oder bis Sie Ihre Einwilligung widerrufen.<\/p>\n<p>6. Verbreitung und Mitteilung der personenbezogenen Daten<br \/>\nIhre personenbezogenen Daten werden nicht verbreitet; sie k\u00f6nnen aber in diesen F\u00e4llen Dritten mitgeteilt werden:<br \/>\na. \u00d6ffentliche Verwaltungen und Beh\u00f6rden, wenn dies gesetzlich vorgesehen ist;<br \/>\nb. b. Dienstleister und Dritte, die in einem Vertragsverh\u00e4ltnis mit dem Verantwortlichen der Datenverarbeitung stehen, die gem\u00e4\u00df Artikel 28 der DSGVO als \u201eAuftragsverarbeiter\u201c ernannt werden und aufgrund einer besonderen Vereinbarung mit dem Verantwortlichen zur Einhaltung der Datenschutzpflichten verpflichtet sind;<br \/>\nc. Rechtssubjekte, die aufgrund von Rechts- und Verwaltungsvorschriften zum Zugriff auf die Daten berechtigt sind<\/p>\n<p>7. Rechte der betroffenen Person<br \/>\nSie haben das Recht, von dem f\u00fcr die Verarbeitung Verantwortlichen die in Artikel 15 ff. der DSGVO 2016\/679 genannten Rechte zu verlangen:<br \/>\n\u2013 Auskunft \u00fcber personenbezogenen Daten;<br \/>\n\u2013 Berichtigung und L\u00f6schung (\u201eRecht auf Vergessenwerden\u201c) personenbezogenen Daten;<br \/>\n\u2013 Recht auf Einschr\u00e4nkung der Verarbeitung;<br \/>\n\u2013 Recht auf Daten\u00fcbertragbarkeit;<br \/>\n\u2013 Widerruf der Zustimmung zur Verarbeitung personenbezogener Daten.<\/p>\n<p>Wenn Sie der Meinung sind, dass Ihre Rechte verletzt wurden, haben Sie das Recht, eine Beschwerde bei der italienischen Datenschutzbeh\u00f6rde einzureichen: <a href=\"https:\/\/www.garanteprivacy.it\/\" target=\"_blank\" rel=\"noopener\">www.garanteprivacy.it<\/a><\/p>\n<\/div><\/section>\n<\/p>\n","protected":false},"excerpt":{"rendered":"","protected":false},"author":1,"featured_media":0,"parent":0,"menu_order":0,"comment_status":"closed","ping_status":"closed","template":"","meta":{"footnotes":""},"class_list":["post-3514","page","type-page","status-publish","hentry"],"yoast_head":"<!-- This site is optimized with the Yoast SEO plugin v27.5 - https:\/\/yoast.com\/product\/yoast-seo-wordpress\/ -->\n<title>Datenschutz - Louis Celia Zippo Photography<\/title>\n<meta name=\"robots\" content=\"index, follow, max-snippet:-1, max-image-preview:large, max-video-preview:-1\" \/>\n<link rel=\"canonical\" href=\"https:\/\/www.louisceliazippo.net\/de\/datenschutz\/\" \/>\n<meta property=\"og:locale\" content=\"de_DE\" \/>\n<meta property=\"og:type\" content=\"article\" \/>\n<meta property=\"og:title\" content=\"Datenschutz - Louis Celia Zippo Photography\" \/>\n<meta property=\"og:url\" content=\"https:\/\/www.louisceliazippo.net\/de\/datenschutz\/\" \/>\n<meta property=\"og:site_name\" content=\"Louis Celia Zippo Photography\" \/>\n<meta property=\"article:modified_time\" content=\"2025-04-07T08:48:32+00:00\" \/>\n<meta name=\"twitter:card\" content=\"summary_large_image\" \/>\n<meta name=\"twitter:label1\" content=\"Gesch\u00e4tzte Lesezeit\" \/>\n\t<meta name=\"twitter:data1\" content=\"6\u00a0Minuten\" \/>\n<script type=\"application\/ld+json\" class=\"yoast-schema-graph\">{\"@context\":\"https:\\\/\\\/schema.org\",\"@graph\":[{\"@type\":\"WebPage\",\"@id\":\"https:\\\/\\\/www.louisceliazippo.net\\\/de\\\/datenschutz\\\/\",\"url\":\"https:\\\/\\\/www.louisceliazippo.net\\\/de\\\/datenschutz\\\/\",\"name\":\"Datenschutz - Louis Celia Zippo Photography\",\"isPartOf\":{\"@id\":\"https:\\\/\\\/www.louisceliazippo.net\\\/de\\\/#website\"},\"datePublished\":\"2025-04-06T10:22:23+00:00\",\"dateModified\":\"2025-04-07T08:48:32+00:00\",\"breadcrumb\":{\"@id\":\"https:\\\/\\\/www.louisceliazippo.net\\\/de\\\/datenschutz\\\/#breadcrumb\"},\"inLanguage\":\"de\",\"potentialAction\":[{\"@type\":\"ReadAction\",\"target\":[\"https:\\\/\\\/www.louisceliazippo.net\\\/de\\\/datenschutz\\\/\"]}]},{\"@type\":\"BreadcrumbList\",\"@id\":\"https:\\\/\\\/www.louisceliazippo.net\\\/de\\\/datenschutz\\\/#breadcrumb\",\"itemListElement\":[{\"@type\":\"ListItem\",\"position\":1,\"name\":\"Startseite\",\"item\":\"https:\\\/\\\/www.louisceliazippo.net\\\/de\\\/\"},{\"@type\":\"ListItem\",\"position\":2,\"name\":\"Datenschutz\"}]},{\"@type\":\"WebSite\",\"@id\":\"https:\\\/\\\/www.louisceliazippo.net\\\/de\\\/#website\",\"url\":\"https:\\\/\\\/www.louisceliazippo.net\\\/de\\\/\",\"name\":\"Louis Celia Zippo Photography\",\"description\":\"Fotograf Merano(BZ) S\u00fcdtirol - Italien\",\"publisher\":{\"@id\":\"https:\\\/\\\/www.louisceliazippo.net\\\/de\\\/#organization\"},\"potentialAction\":[{\"@type\":\"SearchAction\",\"target\":{\"@type\":\"EntryPoint\",\"urlTemplate\":\"https:\\\/\\\/www.louisceliazippo.net\\\/de\\\/?s={search_term_string}\"},\"query-input\":{\"@type\":\"PropertyValueSpecification\",\"valueRequired\":true,\"valueName\":\"search_term_string\"}}],\"inLanguage\":\"de\"},{\"@type\":\"Organization\",\"@id\":\"https:\\\/\\\/www.louisceliazippo.net\\\/de\\\/#organization\",\"name\":\"Andreas Zipperle Photography Louis Celia Zippo\",\"url\":\"https:\\\/\\\/www.louisceliazippo.net\\\/de\\\/\",\"logo\":{\"@type\":\"ImageObject\",\"inLanguage\":\"de\",\"@id\":\"https:\\\/\\\/www.louisceliazippo.net\\\/de\\\/#\\\/schema\\\/logo\\\/image\\\/\",\"url\":\"https:\\\/\\\/www.louisceliazippo.net\\\/wp-content\\\/uploads\\\/2022\\\/03\\\/louisceliazippo_credits.png\",\"contentUrl\":\"https:\\\/\\\/www.louisceliazippo.net\\\/wp-content\\\/uploads\\\/2022\\\/03\\\/louisceliazippo_credits.png\",\"width\":1030,\"height\":687,\"caption\":\"Andreas Zipperle Photography Louis Celia Zippo\"},\"image\":{\"@id\":\"https:\\\/\\\/www.louisceliazippo.net\\\/de\\\/#\\\/schema\\\/logo\\\/image\\\/\"},\"sameAs\":[\"https:\\\/\\\/www.instagram.com\\\/louis_celia_zippo\\\/\"]}]}<\/script>\n<!-- \/ Yoast SEO plugin. -->","yoast_head_json":{"title":"Datenschutz - Louis Celia Zippo Photography","robots":{"index":"index","follow":"follow","max-snippet":"max-snippet:-1","max-image-preview":"max-image-preview:large","max-video-preview":"max-video-preview:-1"},"canonical":"https:\/\/www.louisceliazippo.net\/de\/datenschutz\/","og_locale":"de_DE","og_type":"article","og_title":"Datenschutz - Louis Celia Zippo Photography","og_url":"https:\/\/www.louisceliazippo.net\/de\/datenschutz\/","og_site_name":"Louis Celia Zippo Photography","article_modified_time":"2025-04-07T08:48:32+00:00","twitter_card":"summary_large_image","twitter_misc":{"Gesch\u00e4tzte Lesezeit":"6\u00a0Minuten"},"schema":{"@context":"https:\/\/schema.org","@graph":[{"@type":"WebPage","@id":"https:\/\/www.louisceliazippo.net\/de\/datenschutz\/","url":"https:\/\/www.louisceliazippo.net\/de\/datenschutz\/","name":"Datenschutz - Louis Celia Zippo Photography","isPartOf":{"@id":"https:\/\/www.louisceliazippo.net\/de\/#website"},"datePublished":"2025-04-06T10:22:23+00:00","dateModified":"2025-04-07T08:48:32+00:00","breadcrumb":{"@id":"https:\/\/www.louisceliazippo.net\/de\/datenschutz\/#breadcrumb"},"inLanguage":"de","potentialAction":[{"@type":"ReadAction","target":["https:\/\/www.louisceliazippo.net\/de\/datenschutz\/"]}]},{"@type":"BreadcrumbList","@id":"https:\/\/www.louisceliazippo.net\/de\/datenschutz\/#breadcrumb","itemListElement":[{"@type":"ListItem","position":1,"name":"Startseite","item":"https:\/\/www.louisceliazippo.net\/de\/"},{"@type":"ListItem","position":2,"name":"Datenschutz"}]},{"@type":"WebSite","@id":"https:\/\/www.louisceliazippo.net\/de\/#website","url":"https:\/\/www.louisceliazippo.net\/de\/","name":"Louis Celia Zippo Photography","description":"Fotograf Merano(BZ) S\u00fcdtirol - Italien","publisher":{"@id":"https:\/\/www.louisceliazippo.net\/de\/#organization"},"potentialAction":[{"@type":"SearchAction","target":{"@type":"EntryPoint","urlTemplate":"https:\/\/www.louisceliazippo.net\/de\/?s={search_term_string}"},"query-input":{"@type":"PropertyValueSpecification","valueRequired":true,"valueName":"search_term_string"}}],"inLanguage":"de"},{"@type":"Organization","@id":"https:\/\/www.louisceliazippo.net\/de\/#organization","name":"Andreas Zipperle Photography Louis Celia Zippo","url":"https:\/\/www.louisceliazippo.net\/de\/","logo":{"@type":"ImageObject","inLanguage":"de","@id":"https:\/\/www.louisceliazippo.net\/de\/#\/schema\/logo\/image\/","url":"https:\/\/www.louisceliazippo.net\/wp-content\/uploads\/2022\/03\/louisceliazippo_credits.png","contentUrl":"https:\/\/www.louisceliazippo.net\/wp-content\/uploads\/2022\/03\/louisceliazippo_credits.png","width":1030,"height":687,"caption":"Andreas Zipperle Photography Louis Celia Zippo"},"image":{"@id":"https:\/\/www.louisceliazippo.net\/de\/#\/schema\/logo\/image\/"},"sameAs":["https:\/\/www.instagram.com\/louis_celia_zippo\/"]}]}},"_links":{"self":[{"href":"https:\/\/www.louisceliazippo.net\/de\/wp-json\/wp\/v2\/pages\/3514","targetHints":{"allow":["GET"]}}],"collection":[{"href":"https:\/\/www.louisceliazippo.net\/de\/wp-json\/wp\/v2\/pages"}],"about":[{"href":"https:\/\/www.louisceliazippo.net\/de\/wp-json\/wp\/v2\/types\/page"}],"author":[{"embeddable":true,"href":"https:\/\/www.louisceliazippo.net\/de\/wp-json\/wp\/v2\/users\/1"}],"replies":[{"embeddable":true,"href":"https:\/\/www.louisceliazippo.net\/de\/wp-json\/wp\/v2\/comments?post=3514"}],"version-history":[{"count":0,"href":"https:\/\/www.louisceliazippo.net\/de\/wp-json\/wp\/v2\/pages\/3514\/revisions"}],"wp:attachment":[{"href":"https:\/\/www.louisceliazippo.net\/de\/wp-json\/wp\/v2\/media?parent=3514"}],"curies":[{"name":"wp","href":"https:\/\/api.w.org\/{rel}","templated":true}]}}