{"id":1501,"date":"2025-04-06T14:26:24","date_gmt":"2025-04-06T14:26:24","guid":{"rendered":"https:\/\/www.louisceliazippo.net\/\/credits\/"},"modified":"2025-04-07T08:48:13","modified_gmt":"2025-04-07T08:48:13","slug":"credits-andreas-zipperle","status":"publish","type":"page","link":"https:\/\/www.louisceliazippo.net\/de\/credits-andreas-zipperle\/","title":{"rendered":"credits Andreas Zipperle"},"content":{"rendered":"\n<style type=\"text\/css\" data-created_by=\"avia_inline_auto\" id=\"style-css-av-kzocvbgs-c71151f6e9d0cd6491f7dccf3c604c16\">\n#top .av-special-heading.av-kzocvbgs-c71151f6e9d0cd6491f7dccf3c604c16{\npadding-bottom:30px;\n}\nbody .av-special-heading.av-kzocvbgs-c71151f6e9d0cd6491f7dccf3c604c16 .av-special-heading-tag .heading-char{\nfont-size:25px;\n}\n.av-special-heading.av-kzocvbgs-c71151f6e9d0cd6491f7dccf3c604c16 .av-subheading{\nfont-size:15px;\n}\n<\/style>\n<div  class='av-special-heading av-kzocvbgs-c71151f6e9d0cd6491f7dccf3c604c16 av-special-heading-h2 blockquote modern-quote  avia-builder-el-0  el_before_av_textblock  avia-builder-el-first '><h2 class='av-special-heading-tag '  itemprop=\"headline\"  >credits<\/h2><div class=\"special-heading-border\"><div class=\"special-heading-inner-border\"><\/div><\/div><\/div>\n<section  class='av_textblock_section av-kzo7o7ys-ce2eb1d9c985039d742faa5849af3fcf '   itemscope=\"itemscope\" itemtype=\"https:\/\/schema.org\/CreativeWork\" ><div class='avia_textblock'  itemprop=\"text\" ><p>Verantwortlich f\u00fcr den Inhalt:<br \/>\nAndreas Zipperle | <a href=\"mailto:hello@louisceliazippo.net\">hello@louisceliazippo.net<\/a>\u00a0 | <a href=\"tel:\/\/00393356755750\">+39 335 6755750<\/a> | Pillhofstrasse 25, 39057 Frangart (BZ), Italien<\/p>\n<p>K\u00fcnstlerische Beratung:<br \/>\nAndrea Muheim |\u00a0<a href=\"http:\/\/granitdesign.eu\" target=\"_blank\" rel=\"noopener\">granitdesign.eu<\/a><\/p>\n<p>Website Entwicklung:<br \/>\n<a href=\"https:\/\/andale.info\" target=\"_blank\" rel=\"noopener\">andale.info<\/a><\/p>\n<p>\u00dcbersetzungen:<br \/>\nLindnerconcepts, Mike Julian, Rosanna Pruccoli<\/p>\n<p>Scans:<br \/>\nTypoplus Gmbh, Lanarepro GmbH<\/p>\n<p>Mitarbeit:<br \/>\nMonika Hartl, Tsering Chodon<\/p>\n<p>Copyright:<br \/>\nDas Layout der Homepage, die verwendeten Grafiken, sowie die Inhalte des Internetauftritts von Andreas Zipperle sind urheberrechtlich gesch\u00fctzt. Die Vervielf\u00e4ltigung von Informationen, insbesondere die Verwendung von Bildmaterial und Texten bedarf der vorherigen schriftlichen Genehmigung von Andreas Zipperle.<\/p>\n<p>Ausschluss der Verantwortung:<br \/>\nAndreas Zipperle ist nicht verantwortlich f\u00fcr die Verarbeitung von personenbezogenen Daten, welche an Dritte weitergeleitet wurden.<\/p>\n<p>Haftungsausschluss:<br \/>\nAndreas Zipperle bem\u00fcht sich, nach bestem Verm\u00f6gen daf\u00fcr Sorge zu tragen, dass die in diesem Internetauftritt enthaltenen Informationen zutreffend sind. Eine Haftung oder Garantie f\u00fcr die Aktualit\u00e4t, Richtigkeit und Vollst\u00e4ndigkeit der zur Verf\u00fcgung gestellten Informationen ist jedoch ausgeschlossen. Ferner ist Andreas Zipperle f\u00fcr den Inhalt der \u00fcber Hyperlink extern verbundenen Internetauftritte nicht verantwortlich. Andreas Zipperle beh\u00e4lt sich vor, ohne Ank\u00fcndigung, \u00c4nderungen oder Erg\u00e4nzungen der bereitgestellten Informationen vorzunehmen.<\/p>\n<\/div><\/section>\n","protected":false},"excerpt":{"rendered":"","protected":false},"author":1,"featured_media":1396,"parent":0,"menu_order":0,"comment_status":"closed","ping_status":"closed","template":"","meta":{"footnotes":""},"class_list":["post-1501","page","type-page","status-publish","has-post-thumbnail","hentry"],"yoast_head":"<!-- This site is optimized with the Yoast SEO plugin v27.5 - https:\/\/yoast.com\/product\/yoast-seo-wordpress\/ -->\n<title>credits Andreas Zipperle - Louis Celia Zippo Photography<\/title>\n<meta name=\"description\" content=\"credits Andreas Zipperle: Louis Celia Zippo Photography - hello@louisceliazippo.net - +39 335 6755750 - Pillhof 25, 39057 Frangart\" \/>\n<meta name=\"robots\" content=\"index, follow, max-snippet:-1, max-image-preview:large, max-video-preview:-1\" \/>\n<link rel=\"canonical\" href=\"https:\/\/www.louisceliazippo.net\/de\/credits-andreas-zipperle\/\" \/>\n<meta property=\"og:locale\" content=\"de_DE\" \/>\n<meta property=\"og:type\" content=\"article\" \/>\n<meta property=\"og:title\" content=\"credits Andreas Zipperle - Louis Celia Zippo Photography\" \/>\n<meta property=\"og:description\" content=\"credits Andreas Zipperle: Louis Celia Zippo Photography - hello@louisceliazippo.net - +39 335 6755750 - Pillhof 25, 39057 Frangart\" \/>\n<meta property=\"og:url\" content=\"https:\/\/www.louisceliazippo.net\/de\/credits-andreas-zipperle\/\" \/>\n<meta property=\"og:site_name\" content=\"Louis Celia Zippo Photography\" \/>\n<meta property=\"article:modified_time\" content=\"2025-04-07T08:48:13+00:00\" \/>\n<meta property=\"og:image\" content=\"https:\/\/www.louisceliazippo.net\/wp-content\/uploads\/2022\/03\/louisceliazippo_credits.png\" \/>\n\t<meta property=\"og:image:width\" content=\"1030\" \/>\n\t<meta property=\"og:image:height\" content=\"687\" \/>\n\t<meta property=\"og:image:type\" content=\"image\/png\" \/>\n<meta name=\"twitter:card\" content=\"summary_large_image\" \/>\n<meta name=\"twitter:label1\" content=\"Gesch\u00e4tzte Lesezeit\" \/>\n\t<meta name=\"twitter:data1\" content=\"2\u00a0Minuten\" \/>\n<script type=\"application\/ld+json\" class=\"yoast-schema-graph\">{\"@context\":\"https:\\\/\\\/schema.org\",\"@graph\":[{\"@type\":\"WebPage\",\"@id\":\"https:\\\/\\\/www.louisceliazippo.net\\\/de\\\/credits-andreas-zipperle\\\/\",\"url\":\"https:\\\/\\\/www.louisceliazippo.net\\\/de\\\/credits-andreas-zipperle\\\/\",\"name\":\"credits Andreas Zipperle - Louis Celia Zippo Photography\",\"isPartOf\":{\"@id\":\"https:\\\/\\\/www.louisceliazippo.net\\\/de\\\/#website\"},\"primaryImageOfPage\":{\"@id\":\"https:\\\/\\\/www.louisceliazippo.net\\\/de\\\/credits-andreas-zipperle\\\/#primaryimage\"},\"image\":{\"@id\":\"https:\\\/\\\/www.louisceliazippo.net\\\/de\\\/credits-andreas-zipperle\\\/#primaryimage\"},\"thumbnailUrl\":\"https:\\\/\\\/www.louisceliazippo.net\\\/wp-content\\\/uploads\\\/2022\\\/03\\\/louisceliazippo_credits.png\",\"datePublished\":\"2025-04-06T14:26:24+00:00\",\"dateModified\":\"2025-04-07T08:48:13+00:00\",\"description\":\"credits Andreas Zipperle: Louis Celia Zippo Photography - hello@louisceliazippo.net - +39 335 6755750 - Pillhof 25, 39057 Frangart\",\"breadcrumb\":{\"@id\":\"https:\\\/\\\/www.louisceliazippo.net\\\/de\\\/credits-andreas-zipperle\\\/#breadcrumb\"},\"inLanguage\":\"de\",\"potentialAction\":[{\"@type\":\"ReadAction\",\"target\":[\"https:\\\/\\\/www.louisceliazippo.net\\\/de\\\/credits-andreas-zipperle\\\/\"]}]},{\"@type\":\"ImageObject\",\"inLanguage\":\"de\",\"@id\":\"https:\\\/\\\/www.louisceliazippo.net\\\/de\\\/credits-andreas-zipperle\\\/#primaryimage\",\"url\":\"https:\\\/\\\/www.louisceliazippo.net\\\/wp-content\\\/uploads\\\/2022\\\/03\\\/louisceliazippo_credits.png\",\"contentUrl\":\"https:\\\/\\\/www.louisceliazippo.net\\\/wp-content\\\/uploads\\\/2022\\\/03\\\/louisceliazippo_credits.png\",\"width\":1030,\"height\":687,\"caption\":\"Louis Celia Zippo credits Andreas Zipperle\"},{\"@type\":\"BreadcrumbList\",\"@id\":\"https:\\\/\\\/www.louisceliazippo.net\\\/de\\\/credits-andreas-zipperle\\\/#breadcrumb\",\"itemListElement\":[{\"@type\":\"ListItem\",\"position\":1,\"name\":\"Startseite\",\"item\":\"https:\\\/\\\/www.louisceliazippo.net\\\/de\\\/\"},{\"@type\":\"ListItem\",\"position\":2,\"name\":\"credits Andreas Zipperle\"}]},{\"@type\":\"WebSite\",\"@id\":\"https:\\\/\\\/www.louisceliazippo.net\\\/de\\\/#website\",\"url\":\"https:\\\/\\\/www.louisceliazippo.net\\\/de\\\/\",\"name\":\"Louis Celia Zippo Photography\",\"description\":\"Fotograf Merano(BZ) S\u00fcdtirol - Italien\",\"publisher\":{\"@id\":\"https:\\\/\\\/www.louisceliazippo.net\\\/de\\\/#organization\"},\"potentialAction\":[{\"@type\":\"SearchAction\",\"target\":{\"@type\":\"EntryPoint\",\"urlTemplate\":\"https:\\\/\\\/www.louisceliazippo.net\\\/de\\\/?s={search_term_string}\"},\"query-input\":{\"@type\":\"PropertyValueSpecification\",\"valueRequired\":true,\"valueName\":\"search_term_string\"}}],\"inLanguage\":\"de\"},{\"@type\":\"Organization\",\"@id\":\"https:\\\/\\\/www.louisceliazippo.net\\\/de\\\/#organization\",\"name\":\"Andreas Zipperle Photography Louis Celia Zippo\",\"url\":\"https:\\\/\\\/www.louisceliazippo.net\\\/de\\\/\",\"logo\":{\"@type\":\"ImageObject\",\"inLanguage\":\"de\",\"@id\":\"https:\\\/\\\/www.louisceliazippo.net\\\/de\\\/#\\\/schema\\\/logo\\\/image\\\/\",\"url\":\"https:\\\/\\\/www.louisceliazippo.net\\\/wp-content\\\/uploads\\\/2022\\\/03\\\/louisceliazippo_credits.png\",\"contentUrl\":\"https:\\\/\\\/www.louisceliazippo.net\\\/wp-content\\\/uploads\\\/2022\\\/03\\\/louisceliazippo_credits.png\",\"width\":1030,\"height\":687,\"caption\":\"Andreas Zipperle Photography Louis Celia Zippo\"},\"image\":{\"@id\":\"https:\\\/\\\/www.louisceliazippo.net\\\/de\\\/#\\\/schema\\\/logo\\\/image\\\/\"},\"sameAs\":[\"https:\\\/\\\/www.instagram.com\\\/louis_celia_zippo\\\/\"]}]}<\/script>\n<!-- \/ Yoast SEO plugin. -->","yoast_head_json":{"title":"credits Andreas Zipperle - Louis Celia Zippo Photography","description":"credits Andreas Zipperle: Louis Celia Zippo Photography - hello@louisceliazippo.net - +39 335 6755750 - Pillhof 25, 39057 Frangart","robots":{"index":"index","follow":"follow","max-snippet":"max-snippet:-1","max-image-preview":"max-image-preview:large","max-video-preview":"max-video-preview:-1"},"canonical":"https:\/\/www.louisceliazippo.net\/de\/credits-andreas-zipperle\/","og_locale":"de_DE","og_type":"article","og_title":"credits Andreas Zipperle - Louis Celia Zippo Photography","og_description":"credits Andreas Zipperle: Louis Celia Zippo Photography - hello@louisceliazippo.net - +39 335 6755750 - Pillhof 25, 39057 Frangart","og_url":"https:\/\/www.louisceliazippo.net\/de\/credits-andreas-zipperle\/","og_site_name":"Louis Celia Zippo Photography","article_modified_time":"2025-04-07T08:48:13+00:00","og_image":[{"width":1030,"height":687,"url":"https:\/\/www.louisceliazippo.net\/wp-content\/uploads\/2022\/03\/louisceliazippo_credits.png","type":"image\/png"}],"twitter_card":"summary_large_image","twitter_misc":{"Gesch\u00e4tzte Lesezeit":"2\u00a0Minuten"},"schema":{"@context":"https:\/\/schema.org","@graph":[{"@type":"WebPage","@id":"https:\/\/www.louisceliazippo.net\/de\/credits-andreas-zipperle\/","url":"https:\/\/www.louisceliazippo.net\/de\/credits-andreas-zipperle\/","name":"credits Andreas Zipperle - Louis Celia Zippo Photography","isPartOf":{"@id":"https:\/\/www.louisceliazippo.net\/de\/#website"},"primaryImageOfPage":{"@id":"https:\/\/www.louisceliazippo.net\/de\/credits-andreas-zipperle\/#primaryimage"},"image":{"@id":"https:\/\/www.louisceliazippo.net\/de\/credits-andreas-zipperle\/#primaryimage"},"thumbnailUrl":"https:\/\/www.louisceliazippo.net\/wp-content\/uploads\/2022\/03\/louisceliazippo_credits.png","datePublished":"2025-04-06T14:26:24+00:00","dateModified":"2025-04-07T08:48:13+00:00","description":"credits Andreas Zipperle: Louis Celia Zippo Photography - hello@louisceliazippo.net - +39 335 6755750 - Pillhof 25, 39057 Frangart","breadcrumb":{"@id":"https:\/\/www.louisceliazippo.net\/de\/credits-andreas-zipperle\/#breadcrumb"},"inLanguage":"de","potentialAction":[{"@type":"ReadAction","target":["https:\/\/www.louisceliazippo.net\/de\/credits-andreas-zipperle\/"]}]},{"@type":"ImageObject","inLanguage":"de","@id":"https:\/\/www.louisceliazippo.net\/de\/credits-andreas-zipperle\/#primaryimage","url":"https:\/\/www.louisceliazippo.net\/wp-content\/uploads\/2022\/03\/louisceliazippo_credits.png","contentUrl":"https:\/\/www.louisceliazippo.net\/wp-content\/uploads\/2022\/03\/louisceliazippo_credits.png","width":1030,"height":687,"caption":"Louis Celia Zippo credits Andreas Zipperle"},{"@type":"BreadcrumbList","@id":"https:\/\/www.louisceliazippo.net\/de\/credits-andreas-zipperle\/#breadcrumb","itemListElement":[{"@type":"ListItem","position":1,"name":"Startseite","item":"https:\/\/www.louisceliazippo.net\/de\/"},{"@type":"ListItem","position":2,"name":"credits Andreas Zipperle"}]},{"@type":"WebSite","@id":"https:\/\/www.louisceliazippo.net\/de\/#website","url":"https:\/\/www.louisceliazippo.net\/de\/","name":"Louis Celia Zippo Photography","description":"Fotograf Merano(BZ) S\u00fcdtirol - Italien","publisher":{"@id":"https:\/\/www.louisceliazippo.net\/de\/#organization"},"potentialAction":[{"@type":"SearchAction","target":{"@type":"EntryPoint","urlTemplate":"https:\/\/www.louisceliazippo.net\/de\/?s={search_term_string}"},"query-input":{"@type":"PropertyValueSpecification","valueRequired":true,"valueName":"search_term_string"}}],"inLanguage":"de"},{"@type":"Organization","@id":"https:\/\/www.louisceliazippo.net\/de\/#organization","name":"Andreas Zipperle Photography Louis Celia Zippo","url":"https:\/\/www.louisceliazippo.net\/de\/","logo":{"@type":"ImageObject","inLanguage":"de","@id":"https:\/\/www.louisceliazippo.net\/de\/#\/schema\/logo\/image\/","url":"https:\/\/www.louisceliazippo.net\/wp-content\/uploads\/2022\/03\/louisceliazippo_credits.png","contentUrl":"https:\/\/www.louisceliazippo.net\/wp-content\/uploads\/2022\/03\/louisceliazippo_credits.png","width":1030,"height":687,"caption":"Andreas Zipperle Photography Louis Celia Zippo"},"image":{"@id":"https:\/\/www.louisceliazippo.net\/de\/#\/schema\/logo\/image\/"},"sameAs":["https:\/\/www.instagram.com\/louis_celia_zippo\/"]}]}},"_links":{"self":[{"href":"https:\/\/www.louisceliazippo.net\/de\/wp-json\/wp\/v2\/pages\/1501","targetHints":{"allow":["GET"]}}],"collection":[{"href":"https:\/\/www.louisceliazippo.net\/de\/wp-json\/wp\/v2\/pages"}],"about":[{"href":"https:\/\/www.louisceliazippo.net\/de\/wp-json\/wp\/v2\/types\/page"}],"author":[{"embeddable":true,"href":"https:\/\/www.louisceliazippo.net\/de\/wp-json\/wp\/v2\/users\/1"}],"replies":[{"embeddable":true,"href":"https:\/\/www.louisceliazippo.net\/de\/wp-json\/wp\/v2\/comments?post=1501"}],"version-history":[{"count":0,"href":"https:\/\/www.louisceliazippo.net\/de\/wp-json\/wp\/v2\/pages\/1501\/revisions"}],"wp:featuredmedia":[{"embeddable":true,"href":"https:\/\/www.louisceliazippo.net\/de\/wp-json\/wp\/v2\/media\/1396"}],"wp:attachment":[{"href":"https:\/\/www.louisceliazippo.net\/de\/wp-json\/wp\/v2\/media?parent=1501"}],"curies":[{"name":"wp","href":"https:\/\/api.w.org\/{rel}","templated":true}]}}